{"id":12,"date":"2024-10-29T18:12:17","date_gmt":"2024-10-29T17:12:17","guid":{"rendered":"https:\/\/nhpconseil.com\/?page_id=12"},"modified":"2026-03-10T18:26:17","modified_gmt":"2026-03-10T17:26:17","slug":"qui-sommes-nous","status":"publish","type":"page","link":"https:\/\/nhpconseil.com\/index.php\/qui-sommes-nous\/","title":{"rendered":"A propos"},"content":{"rendered":"\n<p>Docteur en Pharmacie (Universit\u00e9 Grenoble Joseph Fourier) et titulaire d\u2019un DESS de Contr\u00f4le de Qualit\u00e9 de l\u2019Eau et des Aliments, j\u2019ai exerc\u00e9 au sein d\u2019un laboratoire reconnu comme Pharmacien R&amp;D puis Pharmacien Responsable Produit. Mes missions incluaient&nbsp;:<\/p>\n\n\n\n<ul class=\"wp-block-list\">\n<li>La formulation et l\u2019optimisation des formules<\/li>\n\n\n\n<li>Les \u00e9tudes de stabilit\u00e9 et le plan de contr\u00f4le des produits finis<\/li>\n\n\n\n<li>L\u2019\u00e9tiquetage r\u00e9glementaire, la lib\u00e9ration des lots<\/li>\n\n\n\n<li>La nutrivigilance et la cosm\u00e9tovigilance<\/li>\n<\/ul>\n\n\n\n<p>Depuis janvier 2024, j\u2019accompagne les marques de compl\u00e9ments alimentaires et de cosm\u00e9tiques qui souhaitent externaliser leurs services R&amp;D et Affaires R\u00e9glementaires. J\u2019interviens sur&nbsp;:<\/p>\n\n\n\n<ul class=\"wp-block-list\">\n<li>Conception et formulation\u00a0: sourcing, cahiers des charges pour sous-traitants<\/li>\n\n\n\n<li>Pilotage de projet\u00a0: coordination de toutes les \u00e9tapes, de la cr\u00e9ation \u00e0 la post-commercialisation<\/li>\n\n\n\n<li>Conformit\u00e9 r\u00e9glementaire\u00a0: \u00e9tiquetage, d\u00e9claration des produits en France et en Europe, audit et validation des supports de communication<\/li>\n<\/ul>\n\n\n\n<p><strong>NHP CONSEIL\u00a0:<\/strong> votre expert strat\u00e9gique pour des produits s\u00fbrs, conformes et innovants.<\/p>\n\n\n\n<p><\/p>\n","protected":false},"excerpt":{"rendered":"<p>Docteur en Pharmacie (Universit\u00e9 Grenoble Joseph Fourier) et titulaire d\u2019un DESS de Contr\u00f4le de Qualit\u00e9 de l\u2019Eau et des Aliments, j\u2019ai exerc\u00e9 au sein d\u2019un laboratoire reconnu comme Pharmacien R&amp;D puis Pharmacien Responsable Produit. Mes missions incluaient&nbsp;: Depuis janvier 2024, j\u2019accompagne les marques de compl\u00e9ments alimentaires et de cosm\u00e9tiques qui souhaitent externaliser leurs services R&amp;D [&hellip;]<\/p>\n","protected":false},"author":1,"featured_media":0,"parent":0,"menu_order":0,"comment_status":"closed","ping_status":"closed","template":"","meta":{"saved_in_kubio":false,"footnotes":""},"class_list":["post-12","page","type-page","status-publish","hentry"],"kubio_ai_page_context":{"short_desc":"","purpose":"general"},"_links":{"self":[{"href":"https:\/\/nhpconseil.com\/index.php\/wp-json\/wp\/v2\/pages\/12","targetHints":{"allow":["GET"]}}],"collection":[{"href":"https:\/\/nhpconseil.com\/index.php\/wp-json\/wp\/v2\/pages"}],"about":[{"href":"https:\/\/nhpconseil.com\/index.php\/wp-json\/wp\/v2\/types\/page"}],"author":[{"embeddable":true,"href":"https:\/\/nhpconseil.com\/index.php\/wp-json\/wp\/v2\/users\/1"}],"replies":[{"embeddable":true,"href":"https:\/\/nhpconseil.com\/index.php\/wp-json\/wp\/v2\/comments?post=12"}],"version-history":[{"count":6,"href":"https:\/\/nhpconseil.com\/index.php\/wp-json\/wp\/v2\/pages\/12\/revisions"}],"predecessor-version":[{"id":132,"href":"https:\/\/nhpconseil.com\/index.php\/wp-json\/wp\/v2\/pages\/12\/revisions\/132"}],"wp:attachment":[{"href":"https:\/\/nhpconseil.com\/index.php\/wp-json\/wp\/v2\/media?parent=12"}],"curies":[{"name":"wp","href":"https:\/\/api.w.org\/{rel}","templated":true}]}}